{"id":1636,"date":"2022-11-11T09:39:25","date_gmt":"2022-11-11T08:39:25","guid":{"rendered":"https:\/\/evyweb.it\/realyoublog\/?page_id=1636"},"modified":"2022-11-22T11:18:25","modified_gmt":"2022-11-22T10:18:25","slug":"real-you-blog-basic-mensile-1","status":"publish","type":"page","link":"https:\/\/evyweb.it\/realyoublog\/real-you-blog-basic-mensile-1\/","title":{"rendered":"Real You Blog Basic Mensile 1"},"content":{"rendered":"\n<div class=\"wp-block-cover alignfull has-parallax\" style=\"min-height:500px;aspect-ratio:unset;\"><span aria-hidden=\"true\" class=\"wp-block-cover__background has-nv-light-bg-background-color has-background-dim-90 has-background-dim\"><\/span><div role=\"img\" class=\"wp-block-cover__image-background wp-image-737 has-parallax\" style=\"background-position:50% 50%;background-image:url(https:\/\/evyweb.it\/realyoublog\/wp-content\/uploads\/2020\/10\/notepad-3316996_640.jpg)\"><\/div><div class=\"wp-block-cover__inner-container is-layout-flow wp-block-cover-is-layout-flow\">\n<div class=\"wp-block-columns alignwide is-layout-flex wp-container-core-columns-is-layout-9d6595d7 wp-block-columns-is-layout-flex\">\n<div class=\"wp-block-column is-vertically-aligned-center is-layout-flow wp-block-column-is-layout-flow\" style=\"flex-basis:66.66%\">\n<h1 class=\"has-text-align-left has-neve-text-color-color has-text-color wp-block-heading\">Scegli il piano Real You Blog <em>Basic Mensile 1<\/em><\/h1>\n\n\n\n<p class=\"has-text-align-left has-neve-text-color-color has-text-color has-medium-font-size\">Il piano perfetto per mantenere un piccolo blog e cominciare ad ottenere traffico<\/p>\n\n\n\n<div id=\"wp-block-themeisle-blocks-button-group-6d4e285f\" class=\"wp-block-themeisle-blocks-button-group wp-block-buttons\">\n<div id=\"wp-block-themeisle-blocks-button-199bca6d\" class=\"wp-block-themeisle-blocks-button wp-block-button\"><a href=\"#contattami\" target=\"_self\" rel=\"noopener noreferrer\" class=\"wp-block-button__link\"><span>Richiedi subito<\/span><\/a><\/div>\n<\/div>\n<\/div>\n\n\n\n<div class=\"wp-block-column is-layout-flow wp-block-column-is-layout-flow\" style=\"flex-basis:33.33%\">\n<h2 id=\"wp-block-themeisle-blocks-advanced-heading-ab84a493\" class=\"wp-block-themeisle-blocks-advanced-heading wp-block-themeisle-blocks-advanced-heading-ab84a493\">179 \u20ac<\/h2>\n\n\n\n<p class=\"has-text-align-center has-neve-link-hover-color-color has-text-color has-medium-font-size\"><strong>al mese<\/strong><\/p>\n<\/div>\n<\/div>\n<\/div><\/div>\n\n\n\n<div class=\"wp-block-group alignfull has-nv-text-dark-bg-background-color has-background\"><div class=\"wp-block-group__inner-container is-layout-constrained wp-block-group-is-layout-constrained\">\n<div style=\"height:70px\" aria-hidden=\"true\" class=\"wp-block-spacer\"><\/div>\n\n\n\n<div class=\"wp-block-columns alignwide are-vertically-aligned-center is-layout-flex wp-container-core-columns-is-layout-9d6595d7 wp-block-columns-is-layout-flex\">\n<div class=\"wp-block-column is-layout-flow wp-block-column-is-layout-flow\" style=\"flex-basis:50%\">\n<p style=\"font-size:30px;line-height:1.1\"><strong>Per chi \u00e8 il piano Basic Mensile 1<\/strong><\/p>\n<\/div>\n\n\n\n<div class=\"wp-block-column is-layout-flow wp-block-column-is-layout-flow\" style=\"flex-basis:50%\">\n<hr class=\"wp-block-separator has-text-color has-css-opacity has-background is-style-wide\" style=\"background-color:#000000;color:#000000\"\/>\n<\/div>\n<\/div>\n\n\n\n<div class=\"wp-block-columns alignwide is-layout-flex wp-container-core-columns-is-layout-9d6595d7 wp-block-columns-is-layout-flex\">\n<div class=\"wp-block-column is-layout-flow wp-block-column-is-layout-flow\">\n<figure class=\"wp-block-image size-full\"><img loading=\"lazy\" decoding=\"async\" width=\"640\" height=\"426\" src=\"https:\/\/evyweb.it\/realyoublog\/wp-content\/uploads\/2020\/10\/scrivere-computer-1.jpg\" alt=\"Piano Basic Mensile 1 Real You Blog\" class=\"wp-image-921\" srcset=\"https:\/\/evyweb.it\/realyoublog\/wp-content\/uploads\/2020\/10\/scrivere-computer-1.jpg 640w, https:\/\/evyweb.it\/realyoublog\/wp-content\/uploads\/2020\/10\/scrivere-computer-1-300x200.jpg 300w\" sizes=\"auto, (max-width: 640px) 100vw, 640px\" \/><\/figure>\n<\/div>\n\n\n\n<div class=\"wp-block-column is-layout-flow wp-block-column-is-layout-flow\">\n<ul class=\"wp-block-list\">\n<li>Hai creato il tuo blog di recente e ora hai difficolt\u00e0 a pubblicare con costanza?<\/li>\n\n\n\n<li>Hai un blog abbandonato da tempo e vorresti ricominciare a ottenere traffico, ma non riesci a organizzarti per pubblicare i tuoi contenuti?<\/li>\n\n\n\n<li>Vuoi continuare a mantenere un buon posizionamento sui motori di ricerca ma non hai il tempo per scrivere gli articoli?<\/li>\n<\/ul>\n<\/div>\n\n\n\n<div class=\"wp-block-column is-layout-flow wp-block-column-is-layout-flow\">\n<p class=\"has-text-color has-extra-small-font-size\" style=\"color:#000000\">Allora il piano <strong>Real You Blog Basic Mensile 1<\/strong> \u00e8 proprio perfetto per te. Il piano pi\u00f9 economico del servizio di copywriting Real You Blog ti permette di mantenere vivo il tuo blog ad un costo contenuto.<\/p>\n\n\n\n<p>Scegliendo questo piano, ti occuperai tu stesso della formattazione degli articoli e della loro pubblicazione, cos\u00ec manterrai il totale controllo sul tuo blog.<\/p>\n<\/div>\n<\/div>\n<\/div><\/div>\n\n\n\n<h2 id=\"wp-block-themeisle-blocks-advanced-heading-3ed95a7a\" class=\"wp-block-themeisle-blocks-advanced-heading wp-block-themeisle-blocks-advanced-heading-3ed95a7a\">Cosa include il piano Basic Mensile 1<\/h2>\n\n\n\n<div id=\"wp-block-themeisle-blocks-accordion-7090ea4b\" class=\"wp-block-themeisle-blocks-accordion exclusive has-gap ticss-7090ea4b\">\n<details class=\"wp-block-themeisle-blocks-accordion-item ticss-a4285632\"><summary class=\"wp-block-themeisle-blocks-accordion-item__title\"><div><strong>Ricerca keyword<\/strong><\/div><\/summary><div class=\"wp-block-themeisle-blocks-accordion-item__content\">\n<p>Uno dei principali obiettivi di qualsiasi blog \u00e8 quello di <strong>attirare traffico<\/strong>. Per riuscire a raggiungere una buona posizione sui motori di ricerca e catturare l&#8217;attenzione dei visitatori, bisogna lavorare sulle <strong>keyword<\/strong>, o parole chiave. E per sapere quali parole chiave utilizzare per raggiungere un buon numero di persone interessate agli argomenti di cui tratti, \u00e8 necessario fare delle ricerche approfondite.<\/p>\n\n\n\n<p>Per fortuna questo compito lungo e forse anche un po&#8217; noioso puoi affidarlo a me. Tutti i piani Real You Blog includono la <strong>ricerca delle parole chiave<\/strong> su cui ti consiglier\u00f2 di focalizzarti nei tuoi articoli.<\/p>\n<\/div><\/details>\n\n\n\n<details class=\"wp-block-themeisle-blocks-accordion-item\"><summary class=\"wp-block-themeisle-blocks-accordion-item__title\"><div><strong>Calendario editoriale<\/strong><\/div><\/summary><div class=\"wp-block-themeisle-blocks-accordion-item__content\">\n<p>Una volta effettuata la ricerca delle keyword, bisogna trasformare i dati raccolti in un progetto pratico. Cos\u00ec nasce il <strong>piano editoriale<\/strong>, cio\u00e8 un vero e proprio calendario delle pubblicazioni: ti aiuter\u00f2 a decidere quali articoli scrivere e quando pubblicarli, a scegliere i titoli e individuare il miglior formato per affrontare l&#8217;argomento.<\/p>\n<\/div><\/details>\n\n\n\n<details class=\"wp-block-themeisle-blocks-accordion-item\"><summary class=\"wp-block-themeisle-blocks-accordion-item__title\"><div><strong>Un articolo a settimana<\/strong><\/div><\/summary><div class=\"wp-block-themeisle-blocks-accordion-item__content\">\n<p>Il calendario editoriale che elaborer\u00f2 per te con il piano Basic Mensile 1 include <strong>un articolo a settimana per un mese<\/strong>. Stabiliremo i giorni delle pubblicazioni e ti invier\u00f2 il file con almeno una settimana di anticipo. In questo lasso di tempo, potrai revisionare i testi e richiedere delle modifiche o correzioni.<\/p>\n<\/div><\/details>\n\n\n\n<details class=\"wp-block-themeisle-blocks-accordion-item\"><summary class=\"wp-block-themeisle-blocks-accordion-item__title\"><div><strong>Invio articolo formato testuale<\/strong><\/div><\/summary><div class=\"wp-block-themeisle-blocks-accordion-item__content\">\n<p>I piani Basic ti lasciano tutta la libert\u00e0 di formattare e pubblicare il tuo articolo come e quando preferisci. Per questo, <strong>ti invier\u00f2 un file<\/strong> in formato .docx (Word) oppure tramite Google Docs. Potrai cos\u00ec personalizzarlo, arricchirlo con le tue immagini e pubblicarlo in autonomia.<\/p>\n<\/div><\/details>\n\n\n\n<details class=\"wp-block-themeisle-blocks-accordion-item\"><summary class=\"wp-block-themeisle-blocks-accordion-item__title\"><div><strong>Articoli ottimizzati per la SEO<\/strong><\/div><\/summary><div class=\"wp-block-themeisle-blocks-accordion-item__content\">\n<p>Tutti gli articoli che ti invier\u00f2 saranno accuratamente scritti non solo per rispecchiare il tuo stile di comunicazione e andare incontro a ci\u00f2 che i tuoi lettori si aspettano, ma saranno anche <strong>ottimizzati per i motori di ricerca<\/strong>. Applicher\u00f2 le migliori <strong>tecniche SEO<\/strong> per dare al tuo articolo la possibilit\u00e0 di posizionarsi al meglio su Google e gli altri motori di ricerca. <\/p>\n\n\n\n<p><span style=\"text-decoration: underline;\"><em>Avviso<\/em><\/span>: il posizionamento sui motori di ricerca dipende da tanti fattori, non solo dall&#8217;uso delle parole chiave o altri elementi testuali. I testi che scriver\u00f2 per te saranno ottimizzati secondo le migliori tecniche di scrittura SEO, ma non ti posso garantire determinati risultati.<\/p>\n<\/div><\/details>\n<\/div>\n\n\n\n<div class=\"wp-block-group alignfull has-text-color has-background is-vertical is-content-justification-center is-layout-flex wp-container-core-group-is-layout-4b2eccd6 wp-block-group-is-layout-flex\" id=\"contattami\" style=\"color:#000000;background-color:#ffffff\">\n<h2 id=\"wp-block-themeisle-blocks-advanced-heading-16e2bf8f\" class=\"wp-block-themeisle-blocks-advanced-heading wp-block-themeisle-blocks-advanced-heading-16e2bf8f\"><strong>Scegli il piano Basic Mensile 1!<\/strong><\/h2>\n<\/div>\n\n\n\n<div id=\"wp-block-themeisle-blocks-advanced-columns-2d90d095\" class=\"wp-block-themeisle-blocks-advanced-columns alignfull has-1-columns has-desktop-equal-layout has-tablet-equal-layout has-mobile-equal-layout has-vertical-unset ticss-32b0011b\"><div class=\"wp-block-themeisle-blocks-advanced-columns-overlay\"><\/div><div class=\"innerblocks-wrap\">\n<div id=\"wp-block-themeisle-blocks-advanced-column-236435c2\" class=\"wp-block-themeisle-blocks-advanced-column ticss-f3768ce9\">\n<h2 id=\"wp-block-themeisle-blocks-advanced-heading-928a6d4f\" class=\"wp-block-themeisle-blocks-advanced-heading wp-block-themeisle-blocks-advanced-heading-928a6d4f\">RYB<\/h2>\n\n\n\n<h2 id=\"wp-block-themeisle-blocks-advanced-heading-529b76ca\" class=\"wp-block-themeisle-blocks-advanced-heading wp-block-themeisle-blocks-advanced-heading-529b76ca\">Contattami subito<\/h2>\n\n\n\n<p class=\"has-text-align-center ticss-054a9007 has-nv-text-dark-bg-color has-text-color has-medium-font-size\"><a href=\"https:\/\/calendly.com\/evyweb\/30min\" target=\"_blank\" rel=\"noreferrer noopener\"><strong><u>Prenota subito una chiamata<\/u><\/strong><\/a> oppure compila il modulo qui sotto. Parlami del tuo progetto e ti risponder\u00f2 entro 24 ore per fissare una telefonata gratuita e senza impegno. Potrai raccontarmi liberamente quali sono le tue esigenze e i tuoi desideri e inizieremo a delineare un piano di lavoro costruito intorno a te.<br><\/p>\n\n\n\n<div class=\"wp-block-themeisle-blocks-service ticss-b37606aa\">\n<p><\/p>\n<\/div>\n\n\n\n<div id=\"wp-block-themeisle-blocks-advanced-columns-cc60b40f\" class=\"wp-block-themeisle-blocks-advanced-columns has-1-columns has-desktop-equal-layout has-tablet-equal-layout has-mobile-equal-layout has-vertical-unset ticss-2bb822d5\"><div class=\"wp-block-themeisle-blocks-advanced-columns-overlay\"><\/div><div class=\"innerblocks-wrap\">\n<div id=\"wp-block-themeisle-blocks-advanced-column-8375c10d\" class=\"wp-block-themeisle-blocks-advanced-column ticss-ac26f9e4\">\n<div class=\"wpcf7 no-js\" id=\"wpcf7-f766-o1\" lang=\"it-IT\" dir=\"ltr\" data-wpcf7-id=\"766\">\n<div class=\"screen-reader-response\"><p role=\"status\" aria-live=\"polite\" aria-atomic=\"true\"><\/p> <ul><\/ul><\/div>\n<form action=\"\/realyoublog\/wp-json\/wp\/v2\/pages\/1636#wpcf7-f766-o1\" method=\"post\" class=\"wpcf7-form init\" aria-label=\"Modulo di contatto\" novalidate=\"novalidate\" data-status=\"init\">\n<fieldset class=\"hidden-fields-container\"><input type=\"hidden\" name=\"_wpcf7\" value=\"766\" \/><input type=\"hidden\" name=\"_wpcf7_version\" value=\"6.1.5\" \/><input type=\"hidden\" name=\"_wpcf7_locale\" value=\"it_IT\" \/><input type=\"hidden\" name=\"_wpcf7_unit_tag\" value=\"wpcf7-f766-o1\" \/><input type=\"hidden\" name=\"_wpcf7_container_post\" value=\"0\" \/><input type=\"hidden\" name=\"_wpcf7_posted_data_hash\" value=\"\" \/>\n<\/fieldset>\n<p><label> Il tuo nome *<br \/>\n<span class=\"wpcf7-form-control-wrap\" data-name=\"your-name\"><input size=\"40\" maxlength=\"400\" class=\"wpcf7-form-control wpcf7-text wpcf7-validates-as-required\" aria-required=\"true\" aria-invalid=\"false\" value=\"\" type=\"text\" name=\"your-name\" \/><\/span> <\/label>\n<\/p>\n<p><label> La tua email *<br \/>\n<span class=\"wpcf7-form-control-wrap\" data-name=\"your-email\"><input size=\"40\" maxlength=\"400\" class=\"wpcf7-form-control wpcf7-email wpcf7-validates-as-required wpcf7-text wpcf7-validates-as-email\" aria-required=\"true\" aria-invalid=\"false\" value=\"\" type=\"email\" name=\"your-email\" \/><\/span> <\/label>\n<\/p>\n<p><label> Il tuo messaggio *<br \/>\n<span class=\"wpcf7-form-control-wrap\" data-name=\"your-message\"><textarea cols=\"40\" rows=\"10\" maxlength=\"2000\" class=\"wpcf7-form-control wpcf7-textarea wpcf7-validates-as-required\" aria-required=\"true\" aria-invalid=\"false\" name=\"your-message\"><\/textarea><\/span> <\/label>\n<\/p>\n<p><span class=\"wpcf7-form-control-wrap\" data-name=\"acceptance\"><span class=\"wpcf7-form-control wpcf7-acceptance\"><span class=\"wpcf7-list-item\"><label><input type=\"checkbox\" name=\"acceptance\" value=\"1\" aria-invalid=\"false\" \/><span class=\"wpcf7-list-item-label\">Acconsento al trattamento dei dati personali ai sensi del Regolamento UE 679\/2016 e dichiaro di aver preso visione della <a href=\"https:\/\/www.iubenda.com\/privacy-policy\/94780312\" title=\"Privacy Policy\" target=\"_blank\">Privacy Policy<\/a><\/span><\/label><\/span><\/span><\/span>\n<\/p>\n<p><input class=\"wpcf7-form-control wpcf7-submit has-spinner\" type=\"submit\" value=\"Invia\" \/>\n<\/p><p style=\"display: none !important;\" class=\"akismet-fields-container\" data-prefix=\"_wpcf7_ak_\"><label>&#916;<textarea name=\"_wpcf7_ak_hp_textarea\" cols=\"45\" rows=\"8\" maxlength=\"100\"><\/textarea><\/label><input type=\"hidden\" id=\"ak_js_1\" name=\"_wpcf7_ak_js\" value=\"111\"\/><script>\ndocument.getElementById( \"ak_js_1\" ).setAttribute( \"value\", ( new Date() ).getTime() );\n<\/script>\n<\/p><input type='hidden' class='wpcf7-pum' value='{\"closepopup\":false,\"closedelay\":0,\"openpopup\":false,\"openpopup_id\":0}' \/><div class=\"wpcf7-response-output\" aria-hidden=\"true\"><\/div>\n<\/form>\n<\/div>\n\n<\/div>\n<\/div><\/div>\n<\/div>\n<\/div><\/div>\n","protected":false},"excerpt":{"rendered":"<p>Per chi \u00e8 il piano Basic Mensile 1 Allora il piano Real You Blog Basic Mensile 1 \u00e8 proprio perfetto per te. Il piano pi\u00f9 economico del servizio di copywriting Real You Blog ti permette di mantenere vivo il tuo blog ad un costo contenuto. Scegliendo questo piano, ti occuperai tu stesso della formattazione degli&hellip;&nbsp;<a href=\"https:\/\/evyweb.it\/realyoublog\/real-you-blog-basic-mensile-1\/\" rel=\"bookmark\">Leggi tutto &raquo;<span class=\"screen-reader-text\">Real You Blog Basic Mensile 1<\/span><\/a><\/p>\n","protected":false},"author":1,"featured_media":0,"parent":0,"menu_order":0,"comment_status":"closed","ping_status":"closed","template":"","meta":{"pmpro_default_level":"","neve_meta_sidebar":"full-width","neve_meta_container":"","neve_meta_enable_content_width":"on","neve_meta_content_width":100,"neve_meta_title_alignment":"","neve_meta_author_avatar":"","neve_post_elements_order":"","neve_meta_disable_header":"","neve_meta_disable_footer":"","neve_meta_disable_title":"","_themeisle_gutenberg_block_has_review":false,"footnotes":""},"class_list":["post-1636","page","type-page","status-publish","hentry","pmpro-has-access"],"yoast_head":"<!-- This site is optimized with the Yoast SEO plugin v27.5 - https:\/\/yoast.com\/product\/yoast-seo-wordpress\/ -->\n<title>Real You Blog Basic Mensile 1 - Real You Blog<\/title>\n<meta name=\"robots\" content=\"index, follow, max-snippet:-1, max-image-preview:large, max-video-preview:-1\" \/>\n<link rel=\"canonical\" href=\"https:\/\/evyweb.it\/realyoublog\/real-you-blog-basic-mensile-1\/\" \/>\n<meta property=\"og:locale\" content=\"it_IT\" \/>\n<meta property=\"og:type\" content=\"article\" \/>\n<meta property=\"og:title\" content=\"Real You Blog Basic Mensile 1 - Real You Blog\" \/>\n<meta property=\"og:description\" content=\"Per chi \u00e8 il piano Basic Mensile 1 Allora il piano Real You Blog Basic Mensile 1 \u00e8 proprio perfetto per te. Il piano pi\u00f9 economico del servizio di copywriting Real You Blog ti permette di mantenere vivo il tuo blog ad un costo contenuto. Scegliendo questo piano, ti occuperai tu stesso della formattazione degli&hellip;&nbsp;Leggi tutto &raquo;Real You Blog Basic Mensile 1\" \/>\n<meta property=\"og:url\" content=\"https:\/\/evyweb.it\/realyoublog\/real-you-blog-basic-mensile-1\/\" \/>\n<meta property=\"og:site_name\" content=\"Real You Blog\" \/>\n<meta property=\"article:publisher\" content=\"https:\/\/www.facebook.com\/evyweb.it\/\" \/>\n<meta property=\"article:modified_time\" content=\"2022-11-22T10:18:25+00:00\" \/>\n<meta property=\"og:image\" content=\"https:\/\/evyweb.it\/realyoublog\/wp-content\/uploads\/2020\/10\/scrivere-computer-1.jpg\" \/>\n<meta name=\"twitter:card\" content=\"summary_large_image\" \/>\n<meta name=\"twitter:label1\" content=\"Tempo di lettura stimato\" \/>\n\t<meta name=\"twitter:data1\" content=\"3 minuti\" \/>\n<script type=\"application\/ld+json\" class=\"yoast-schema-graph\">{\"@context\":\"https:\\\/\\\/schema.org\",\"@graph\":[{\"@type\":\"WebPage\",\"@id\":\"https:\\\/\\\/evyweb.it\\\/realyoublog\\\/real-you-blog-basic-mensile-1\\\/\",\"url\":\"https:\\\/\\\/evyweb.it\\\/realyoublog\\\/real-you-blog-basic-mensile-1\\\/\",\"name\":\"Real You Blog Basic Mensile 1 - Real You Blog\",\"isPartOf\":{\"@id\":\"https:\\\/\\\/evyweb.it\\\/realyoublog\\\/#website\"},\"primaryImageOfPage\":{\"@id\":\"https:\\\/\\\/evyweb.it\\\/realyoublog\\\/real-you-blog-basic-mensile-1\\\/#primaryimage\"},\"image\":{\"@id\":\"https:\\\/\\\/evyweb.it\\\/realyoublog\\\/real-you-blog-basic-mensile-1\\\/#primaryimage\"},\"thumbnailUrl\":\"https:\\\/\\\/evyweb.it\\\/realyoublog\\\/wp-content\\\/uploads\\\/2020\\\/10\\\/scrivere-computer-1.jpg\",\"datePublished\":\"2022-11-11T08:39:25+00:00\",\"dateModified\":\"2022-11-22T10:18:25+00:00\",\"breadcrumb\":{\"@id\":\"https:\\\/\\\/evyweb.it\\\/realyoublog\\\/real-you-blog-basic-mensile-1\\\/#breadcrumb\"},\"inLanguage\":\"it-IT\",\"potentialAction\":[{\"@type\":\"ReadAction\",\"target\":[\"https:\\\/\\\/evyweb.it\\\/realyoublog\\\/real-you-blog-basic-mensile-1\\\/\"]}]},{\"@type\":\"ImageObject\",\"inLanguage\":\"it-IT\",\"@id\":\"https:\\\/\\\/evyweb.it\\\/realyoublog\\\/real-you-blog-basic-mensile-1\\\/#primaryimage\",\"url\":\"https:\\\/\\\/evyweb.it\\\/realyoublog\\\/wp-content\\\/uploads\\\/2020\\\/10\\\/scrivere-computer-1.jpg\",\"contentUrl\":\"https:\\\/\\\/evyweb.it\\\/realyoublog\\\/wp-content\\\/uploads\\\/2020\\\/10\\\/scrivere-computer-1.jpg\",\"width\":640,\"height\":426,\"caption\":\"Piano Basic Mensile 1 Real You Blog\"},{\"@type\":\"BreadcrumbList\",\"@id\":\"https:\\\/\\\/evyweb.it\\\/realyoublog\\\/real-you-blog-basic-mensile-1\\\/#breadcrumb\",\"itemListElement\":[{\"@type\":\"ListItem\",\"position\":1,\"name\":\"Home\",\"item\":\"https:\\\/\\\/evyweb.it\\\/realyoublog\\\/\"},{\"@type\":\"ListItem\",\"position\":2,\"name\":\"Real You Blog Basic Mensile 1\"}]},{\"@type\":\"WebSite\",\"@id\":\"https:\\\/\\\/evyweb.it\\\/realyoublog\\\/#website\",\"url\":\"https:\\\/\\\/evyweb.it\\\/realyoublog\\\/\",\"name\":\"Real You Blog\",\"description\":\"Il primo copywriting focalizzato sulla tua personalit&agrave;\",\"publisher\":{\"@id\":\"https:\\\/\\\/evyweb.it\\\/realyoublog\\\/#organization\"},\"potentialAction\":[{\"@type\":\"SearchAction\",\"target\":{\"@type\":\"EntryPoint\",\"urlTemplate\":\"https:\\\/\\\/evyweb.it\\\/realyoublog\\\/?s={search_term_string}\"},\"query-input\":{\"@type\":\"PropertyValueSpecification\",\"valueRequired\":true,\"valueName\":\"search_term_string\"}}],\"inLanguage\":\"it-IT\"},{\"@type\":\"Organization\",\"@id\":\"https:\\\/\\\/evyweb.it\\\/realyoublog\\\/#organization\",\"name\":\"Scala Erica\",\"url\":\"https:\\\/\\\/evyweb.it\\\/realyoublog\\\/\",\"logo\":{\"@type\":\"ImageObject\",\"inLanguage\":\"it-IT\",\"@id\":\"https:\\\/\\\/evyweb.it\\\/realyoublog\\\/#\\\/schema\\\/logo\\\/image\\\/\",\"url\":\"https:\\\/\\\/evyweb.it\\\/realyoublog\\\/wp-content\\\/uploads\\\/2020\\\/10\\\/Real-You-Blog-logo.jpg\",\"contentUrl\":\"https:\\\/\\\/evyweb.it\\\/realyoublog\\\/wp-content\\\/uploads\\\/2020\\\/10\\\/Real-You-Blog-logo.jpg\",\"width\":500,\"height\":500,\"caption\":\"Scala Erica\"},\"image\":{\"@id\":\"https:\\\/\\\/evyweb.it\\\/realyoublog\\\/#\\\/schema\\\/logo\\\/image\\\/\"},\"sameAs\":[\"https:\\\/\\\/www.facebook.com\\\/evyweb.it\\\/\"]}]}<\/script>\n<!-- \/ Yoast SEO plugin. -->","yoast_head_json":{"title":"Real You Blog Basic Mensile 1 - Real You Blog","robots":{"index":"index","follow":"follow","max-snippet":"max-snippet:-1","max-image-preview":"max-image-preview:large","max-video-preview":"max-video-preview:-1"},"canonical":"https:\/\/evyweb.it\/realyoublog\/real-you-blog-basic-mensile-1\/","og_locale":"it_IT","og_type":"article","og_title":"Real You Blog Basic Mensile 1 - Real You Blog","og_description":"Per chi \u00e8 il piano Basic Mensile 1 Allora il piano Real You Blog Basic Mensile 1 \u00e8 proprio perfetto per te. Il piano pi\u00f9 economico del servizio di copywriting Real You Blog ti permette di mantenere vivo il tuo blog ad un costo contenuto. Scegliendo questo piano, ti occuperai tu stesso della formattazione degli&hellip;&nbsp;Leggi tutto &raquo;Real You Blog Basic Mensile 1","og_url":"https:\/\/evyweb.it\/realyoublog\/real-you-blog-basic-mensile-1\/","og_site_name":"Real You Blog","article_publisher":"https:\/\/www.facebook.com\/evyweb.it\/","article_modified_time":"2022-11-22T10:18:25+00:00","og_image":[{"url":"https:\/\/evyweb.it\/realyoublog\/wp-content\/uploads\/2020\/10\/scrivere-computer-1.jpg","type":"","width":"","height":""}],"twitter_card":"summary_large_image","twitter_misc":{"Tempo di lettura stimato":"3 minuti"},"schema":{"@context":"https:\/\/schema.org","@graph":[{"@type":"WebPage","@id":"https:\/\/evyweb.it\/realyoublog\/real-you-blog-basic-mensile-1\/","url":"https:\/\/evyweb.it\/realyoublog\/real-you-blog-basic-mensile-1\/","name":"Real You Blog Basic Mensile 1 - Real You Blog","isPartOf":{"@id":"https:\/\/evyweb.it\/realyoublog\/#website"},"primaryImageOfPage":{"@id":"https:\/\/evyweb.it\/realyoublog\/real-you-blog-basic-mensile-1\/#primaryimage"},"image":{"@id":"https:\/\/evyweb.it\/realyoublog\/real-you-blog-basic-mensile-1\/#primaryimage"},"thumbnailUrl":"https:\/\/evyweb.it\/realyoublog\/wp-content\/uploads\/2020\/10\/scrivere-computer-1.jpg","datePublished":"2022-11-11T08:39:25+00:00","dateModified":"2022-11-22T10:18:25+00:00","breadcrumb":{"@id":"https:\/\/evyweb.it\/realyoublog\/real-you-blog-basic-mensile-1\/#breadcrumb"},"inLanguage":"it-IT","potentialAction":[{"@type":"ReadAction","target":["https:\/\/evyweb.it\/realyoublog\/real-you-blog-basic-mensile-1\/"]}]},{"@type":"ImageObject","inLanguage":"it-IT","@id":"https:\/\/evyweb.it\/realyoublog\/real-you-blog-basic-mensile-1\/#primaryimage","url":"https:\/\/evyweb.it\/realyoublog\/wp-content\/uploads\/2020\/10\/scrivere-computer-1.jpg","contentUrl":"https:\/\/evyweb.it\/realyoublog\/wp-content\/uploads\/2020\/10\/scrivere-computer-1.jpg","width":640,"height":426,"caption":"Piano Basic Mensile 1 Real You Blog"},{"@type":"BreadcrumbList","@id":"https:\/\/evyweb.it\/realyoublog\/real-you-blog-basic-mensile-1\/#breadcrumb","itemListElement":[{"@type":"ListItem","position":1,"name":"Home","item":"https:\/\/evyweb.it\/realyoublog\/"},{"@type":"ListItem","position":2,"name":"Real You Blog Basic Mensile 1"}]},{"@type":"WebSite","@id":"https:\/\/evyweb.it\/realyoublog\/#website","url":"https:\/\/evyweb.it\/realyoublog\/","name":"Real You Blog","description":"Il primo copywriting focalizzato sulla tua personalit&agrave;","publisher":{"@id":"https:\/\/evyweb.it\/realyoublog\/#organization"},"potentialAction":[{"@type":"SearchAction","target":{"@type":"EntryPoint","urlTemplate":"https:\/\/evyweb.it\/realyoublog\/?s={search_term_string}"},"query-input":{"@type":"PropertyValueSpecification","valueRequired":true,"valueName":"search_term_string"}}],"inLanguage":"it-IT"},{"@type":"Organization","@id":"https:\/\/evyweb.it\/realyoublog\/#organization","name":"Scala Erica","url":"https:\/\/evyweb.it\/realyoublog\/","logo":{"@type":"ImageObject","inLanguage":"it-IT","@id":"https:\/\/evyweb.it\/realyoublog\/#\/schema\/logo\/image\/","url":"https:\/\/evyweb.it\/realyoublog\/wp-content\/uploads\/2020\/10\/Real-You-Blog-logo.jpg","contentUrl":"https:\/\/evyweb.it\/realyoublog\/wp-content\/uploads\/2020\/10\/Real-You-Blog-logo.jpg","width":500,"height":500,"caption":"Scala Erica"},"image":{"@id":"https:\/\/evyweb.it\/realyoublog\/#\/schema\/logo\/image\/"},"sameAs":["https:\/\/www.facebook.com\/evyweb.it\/"]}]}},"_links":{"self":[{"href":"https:\/\/evyweb.it\/realyoublog\/wp-json\/wp\/v2\/pages\/1636","targetHints":{"allow":["GET"]}}],"collection":[{"href":"https:\/\/evyweb.it\/realyoublog\/wp-json\/wp\/v2\/pages"}],"about":[{"href":"https:\/\/evyweb.it\/realyoublog\/wp-json\/wp\/v2\/types\/page"}],"author":[{"embeddable":true,"href":"https:\/\/evyweb.it\/realyoublog\/wp-json\/wp\/v2\/users\/1"}],"replies":[{"embeddable":true,"href":"https:\/\/evyweb.it\/realyoublog\/wp-json\/wp\/v2\/comments?post=1636"}],"version-history":[{"count":24,"href":"https:\/\/evyweb.it\/realyoublog\/wp-json\/wp\/v2\/pages\/1636\/revisions"}],"predecessor-version":[{"id":1772,"href":"https:\/\/evyweb.it\/realyoublog\/wp-json\/wp\/v2\/pages\/1636\/revisions\/1772"}],"wp:attachment":[{"href":"https:\/\/evyweb.it\/realyoublog\/wp-json\/wp\/v2\/media?parent=1636"}],"curies":[{"name":"wp","href":"https:\/\/api.w.org\/{rel}","templated":true}]}}